{"id":121,"date":"2024-04-16T15:23:01","date_gmt":"2024-04-16T15:23:01","guid":{"rendered":"https:\/\/www.princeps.no\/?page_id=121"},"modified":"2026-03-16T19:29:49","modified_gmt":"2026-03-16T17:29:49","slug":"about-us","status":"publish","type":"page","link":"https:\/\/www.princeps.no\/nb\/about-us\/","title":{"rendered":"Om oss"},"content":{"rendered":"<section class=\"bde-section-121-100 bde-section\">\n              \n  \n  \n\t\n\n  <div class=\"section-background-overlay\"><\/div>\n\n\n<div class=\"section-container\"><div class=\"bde-div-121-106 bde-div\">\n  \n  \n\t\n\n\n\n<h1 class=\"bde-heading-121-101 bde-heading\">\nVi hjelper kundene v\u00e5re med \u00e5 underholde, informere og inspirere verden.\n<\/h1>\n<\/div><\/div>\n<\/section><section class=\"bde-section-121-111 bde-section\">\n  \n  \n\t\n\n\n\n<div class=\"section-container\"><div class=\"bde-columns-121-112 bde-columns\"><div class=\"bde-column-121-113 bde-column\">\n  \n  \n\t\n\n\n\n<h2 class=\"bde-heading-121-116 bde-heading\">\nOm oss\n<\/h2><div class=\"bde-div-121-117 bde-div\">\n  \n  \n\t\n\n\n\n<h3 class=\"bde-heading-121-118 bde-heading\">\nHvem vi er\n<\/h3><div class=\"bde-text-121-119 bde-text translation-block\">Princeps er et ledende byr\u00e5 for influencer management basert i Norge, som er dedikert til \u00e5 fremme vellykkede partnerskap mellom influensere og bedrifter over hele verden. Navnet \"Princeps\", som betyr \"den f\u00f8rste\", symboliserer v\u00e5r forpliktelse til \u00e5 sikre at DU leder an i din bransje gjennom gjensidig fordelaktige relasjoner. Princeps er mer enn bare et byr\u00e5; vi er et dedikert team av erfarne fagfolk som brenner for den transformative kraften som ligger i sosial p\u00e5virkning. V\u00e5rt m\u00e5l er \u00e5 koble influensere med merkevarer og kreat\u00f8rer, og skape muligheter for talenter til \u00e5 blomstre og n\u00e5 sitt fulle potensial.<\/div>\n<\/div><div class=\"bde-div-121-245 bde-div\">\n  \n  \n\t\n\n\n\n<h3 class=\"bde-heading-121-246 bde-heading\">\nV\u00e5rt nettverk\n<\/h3><div class=\"bde-text-121-247 bde-text\">\nV\u00e5rt omfattende nettverk av influensere spenner over en rekke nisjer, inkludert mote, skj\u00f8nnhet, fitness, helse og velv\u00e6re, reise, mat og drikke, livsstil, teknologi, spill og mange flere. Dette mangfoldet gj\u00f8r det mulig for oss \u00e5 matche merkevarer med influensere som har verdier og estetikk som passer perfekt sammen, noe som sikrer autentisitet og maksimalt engasjement.\n<\/div>\n<\/div><div class=\"bde-div-121-120 bde-div\">\n  \n  \n\t\n\n\n\n<h3 class=\"bde-heading-121-121 bde-heading\">\nHva vi tilbyr\n<\/h3><div class=\"bde-grid-121-124 bde-grid\">\n  \n  \n\t\n\n\n\n<div class=\"bde-div-121-137 bde-div\">\n  \n  \n\t\n\n\n\n<div class=\"bde-div-121-138 bde-div\">\n  \n  \n\t\n\n\n\n<div class=\"bde-text-121-139 bde-text\">\n1\n<\/div>\n<\/div><div class=\"bde-div-121-208 bde-div\">\n  \n  \n\t\n\n\n\n<h4 class=\"bde-heading-121-207 bde-heading\">\nBransjeekspertise\n<\/h4><div class=\"bde-text-121-140 bde-text\">\nMed en dyp forst\u00e5else av ulike bransjer kan vi tilby innsikt og strategier som holder merkevaren din i forkant av utviklingen.\n<\/div>\n<\/div>\n<\/div><div class=\"bde-div-121-209 bde-div\">\n  \n  \n\t\n\n\n\n<div class=\"bde-div-121-210 bde-div\">\n  \n  \n\t\n\n\n\n<div class=\"bde-text-121-211 bde-text\">\n2\n<\/div>\n<\/div><div class=\"bde-div-121-212 bde-div\">\n  \n  \n\t\n\n\n\n<h4 class=\"bde-heading-121-213 bde-heading\">\nJuridisk st\u00f8tte\n<\/h4><div class=\"bde-text-121-214 bde-text\">\nDet kan v\u00e6re komplisert \u00e5 navigere i det juridiske landskapet for influencer-markedsf\u00f8ring. Vi tilbyr omfattende juridisk st\u00f8tte for \u00e5 sikre at alle partnerskap er i samsvar med regelverket og trygge.\n<\/div>\n<\/div>\n<\/div><div class=\"bde-div-121-215 bde-div\">\n  \n  \n\t\n\n\n\n<div class=\"bde-div-121-216 bde-div\">\n  \n  \n\t\n\n\n\n<div class=\"bde-text-121-217 bde-text\">\n3\n<\/div>\n<\/div><div class=\"bde-div-121-218 bde-div\">\n  \n  \n\t\n\n\n\n<h4 class=\"bde-heading-121-219 bde-heading\">\nSkatter\u00e5dgivning\n<\/h4><div class=\"bde-text-121-220 bde-text\">\nSkatter\u00e5dgivningstjenestene v\u00e5re hjelper influencere og varemerker med \u00e5 administrere \u00f8konomien sin effektivt, sikre etterlevelse og optimalisere avkastningen.\n<\/div>\n<\/div>\n<\/div><div class=\"bde-div-121-221 bde-div\">\n  \n  \n\t\n\n\n\n<div class=\"bde-div-121-222 bde-div\">\n  \n  \n\t\n\n\n\n<div class=\"bde-text-121-223 bde-text\">\n4\n<\/div>\n<\/div><div class=\"bde-div-121-224 bde-div\">\n  \n  \n\t\n\n\n\n<h4 class=\"bde-heading-121-225 bde-heading\">\nStort nettverk\n<\/h4><div class=\"bde-text-121-226 bde-text translation-block\">V\u00e5rt brede og mangfoldige nettverk av influencere og merkevarer gj\u00f8r det mulig for oss \u00e5 skape kraftfulle og effektive samarbeid.<\/div>\n<\/div>\n<\/div><div class=\"bde-div-121-227 bde-div\">\n  \n  \n\t\n\n\n\n<div class=\"bde-div-121-228 bde-div\">\n  \n  \n\t\n\n\n\n<div class=\"bde-text-121-229 bde-text\">\n5\n<\/div>\n<\/div><div class=\"bde-div-121-230 bde-div\">\n  \n  \n\t\n\n\n\n<h4 class=\"bde-heading-121-231 bde-heading\">\nTaylor Solutions\n<\/h4><div class=\"bde-text-121-232 bde-text\">\nSkreddersydde l\u00f8sninger: Vi vet at hver merkevare er unik og har sin egen historie \u00e5 fortelle. Derfor tilbyr vi skreddersydde strategier for influencer-markedsf\u00f8ring som er utformet for \u00e5 oppfylle dine spesifikke m\u00e5l og behov.\n<\/div>\n<\/div>\n<\/div><div class=\"bde-div-121-233 bde-div\">\n  \n  \n\t\n\n\n\n<div class=\"bde-div-121-234 bde-div\">\n  \n  \n\t\n\n\n\n<div class=\"bde-text-121-235 bde-text\">\n6\n<\/div>\n<\/div><div class=\"bde-div-121-236 bde-div\">\n  \n  \n\t\n\n\n\n<h4 class=\"bde-heading-121-237 bde-heading\">\nResultatdrevet tiln\u00e6rming\n<\/h4><div class=\"bde-text-121-238 bde-text\">\nVi fokuserer p\u00e5 \u00e5 levere m\u00e5lbare resultater, og hjelper deg med \u00e5 n\u00e5 markedsf\u00f8ringsm\u00e5lene dine gjennom datadrevne strategier og kontinuerlig optimalisering.\n<\/div>\n<\/div>\n<\/div><div class=\"bde-div-121-239 bde-div\">\n  \n  \n\t\n\n\n\n<div class=\"bde-div-121-240 bde-div\">\n  \n  \n\t\n\n\n\n<div class=\"bde-text-121-241 bde-text\">\n7\n<\/div>\n<\/div><div class=\"bde-div-121-242 bde-div\">\n  \n  \n\t\n\n\n\n<h4 class=\"bde-heading-121-243 bde-heading\">\nDedikert st\u00f8tte\n<\/h4><div class=\"bde-text-121-244 bde-text\">\nTeamet v\u00e5rt er her for \u00e5 st\u00f8tte deg hele veien, og gir deg personlig assistanse for \u00e5 sikre at kampanjen din blir en suksess.\n<\/div>\n<\/div>\n<\/div>\n<\/div>\n<\/div>\n<\/div><div class=\"bde-column-121-114 bde-column\">\n  \n  \n\t\n\n\n\n<div class=\"bde-div-121-153 bde-div\">\n  \n  \n\t\n\n\n\n<h4 class=\"bde-heading-121-154 bde-heading\">\nKontakt oss\n<\/h4><div class=\"bde-icon-list-121-206 bde-icon-list\">\n<ul>\n  \n              \n    <li>\n              <div class='bde-icon-list__item-wrapper'>\n      \n      <span class='bde-icon-list__icon' aria-hidden='true'>\n        <svg xmlns=\"http:\/\/www.w3.org\/2000\/svg\" viewbox=\"0 0 512 512\"><!-- Font Awesome Free 5.15.1 by @fontawesome - https:\/\/fontawesome.com License - https:\/\/fontawesome.com\/license\/free (Icons: CC BY 4.0, Fonts: SIL OFL 1.1, Code: MIT License) --><path d=\"M497.39 361.8l-112-48a24 24 0 0 0-28 6.9l-49.6 60.6A370.66 370.66 0 0 1 130.6 204.11l60.6-49.6a23.94 23.94 0 0 0 6.9-28l-48-112A24.16 24.16 0 0 0 122.6.61l-104 24A24 24 0 0 0 0 48c0 256.5 207.9 464 464 464a24 24 0 0 0 23.4-18.6l24-104a24.29 24.29 0 0 0-14.01-27.6z\"\/><\/svg>\n      <\/span>\n      <span class='bde-icon-list__text' >\n      +47 94804848\n      <\/span>\n              <\/div>\n      \n    <\/li>\n\n  \n              \n    <li>\n                      \n            \n            \n\n    \n    \n    \n    \n    \n    <a class=\"breakdance-link bde-icon-list__item-wrapper\" href=\"https:\/\/\/nb\/wa.me\/\u202a4794804848\u202c\/\" target=\"_blank\" data-type=\"url\"  >\n\n      \n      <span class='bde-icon-list__icon' aria-hidden='true'>\n        <svg xmlns=\"http:\/\/www.w3.org\/2000\/svg\" id=\"icon-whatsapp\" viewbox=\"0 0 32 32\">\n<path d=\"M27.281 4.65c-2.994-3-6.975-4.65-11.219-4.65-8.738 0-15.85 7.112-15.85 15.856 0 2.794 0.731 5.525 2.119 7.925l-2.25 8.219 8.406-2.206c2.319 1.262 4.925 1.931 7.575 1.931h0.006c0 0 0 0 0 0 8.738 0 15.856-7.113 15.856-15.856 0-4.238-1.65-8.219-4.644-11.219zM16.069 29.050v0c-2.369 0-4.688-0.637-6.713-1.837l-0.481-0.288-4.987 1.306 1.331-4.863-0.313-0.5c-1.325-2.094-2.019-4.519-2.019-7.012 0-7.269 5.912-13.181 13.188-13.181 3.519 0 6.831 1.375 9.319 3.862 2.488 2.494 3.856 5.8 3.856 9.325-0.006 7.275-5.919 13.188-13.181 13.188zM23.294 19.175c-0.394-0.2-2.344-1.156-2.706-1.288s-0.625-0.2-0.894 0.2c-0.262 0.394-1.025 1.288-1.256 1.556-0.231 0.262-0.462 0.3-0.856 0.1s-1.675-0.619-3.188-1.969c-1.175-1.050-1.975-2.35-2.206-2.744s-0.025-0.613 0.175-0.806c0.181-0.175 0.394-0.463 0.594-0.694s0.262-0.394 0.394-0.662c0.131-0.262 0.069-0.494-0.031-0.694s-0.894-2.15-1.219-2.944c-0.319-0.775-0.65-0.669-0.894-0.681-0.231-0.012-0.494-0.012-0.756-0.012s-0.694 0.1-1.056 0.494c-0.363 0.394-1.387 1.356-1.387 3.306s1.419 3.831 1.619 4.1c0.2 0.262 2.794 4.269 6.769 5.981 0.944 0.406 1.681 0.65 2.256 0.837 0.95 0.3 1.813 0.256 2.494 0.156 0.762-0.113 2.344-0.956 2.675-1.881s0.331-1.719 0.231-1.881c-0.094-0.175-0.356-0.275-0.756-0.475z\"\/>\n<\/svg>\n      <\/span>\n      <span class='bde-icon-list__text' >\n      +47 94804848\n      <\/span>\n                  <\/a>\n\n      \n    <\/li>\n\n  \n              \n    <li>\n                      \n            \n            \n\n    \n    \n    \n    \n    \n    <a class=\"breakdance-link bde-icon-list__item-wrapper\" href=\"mailto:kontakt@princeps.no\" target=\"_self\" data-type=\"url\"  >\n\n      \n      <span class='bde-icon-list__icon' aria-hidden='true'>\n        <svg xmlns=\"http:\/\/www.w3.org\/2000\/svg\" viewbox=\"0 0 512 512\"><!-- Font Awesome Free 5.15.1 by @fontawesome - https:\/\/fontawesome.com License - https:\/\/fontawesome.com\/license\/free (Icons: CC BY 4.0, Fonts: SIL OFL 1.1, Code: MIT License) --><path d=\"M464 64H48C21.49 64 0 85.49 0 112v288c0 26.51 21.49 48 48 48h416c26.51 0 48-21.49 48-48V112c0-26.51-21.49-48-48-48zm0 48v40.805c-22.422 18.259-58.168 46.651-134.587 106.49-16.841 13.247-50.201 45.072-73.413 44.701-23.208.375-56.579-31.459-73.413-44.701C106.18 199.465 70.425 171.067 48 152.805V112h416zM48 400V214.398c22.914 18.251 55.409 43.862 104.938 82.646 21.857 17.205 60.134 55.186 103.062 54.955 42.717.231 80.509-37.199 103.053-54.947 49.528-38.783 82.032-64.401 104.947-82.653V400H48z\"\/><\/svg>\n      <\/span>\n      <span class='bde-icon-list__text' >\n      kontakt@princeps.no\n      <\/span>\n                  <\/a>\n\n      \n    <\/li>\n\n  <\/ul>\n\n<\/div><div class=\"bde-icon-121-157 bde-icon\">\n\n                \n                    \n            \n            \n\n    \n    \n    \n    \n    \n    <a class=\"breakdance-link bde-icon-icon breakdance-icon-atom\" href=\"\/nb\/contact-us\/\" target=\"_self\" data-type=\"url\" style=\"--eeiTransform: rotate(270deg);\" >\n\n    \n                    <svg xmlns=\"http:\/\/www.w3.org\/2000\/svg\" width=\"37\" height=\"36\" viewbox=\"0 0 37 36\" fill=\"none\">\r\n<path d=\"M18.5 24.48L22.82 20.16M18.5 24.48L14.18 20.16M18.5 24.48L18.5 10.98\" stroke=\"white\" stroke-width=\"1.5\"\/>\r\n<circle cx=\"18.5\" cy=\"18\" r=\"17.75\" stroke=\"white\" stroke-width=\"0.5\"\/>\r\n<\/svg>\n        \n        \n        \n                <\/a>\n\n    \n\n\n<\/div>\n<\/div>\n<\/div><\/div><\/div>\n<\/section><section class=\"bde-section-121-159 bde-section\">\n  \n  \n\t\n\n\n\n<div class=\"section-container\"><div class=\"bde-columns-121-163 bde-columns\"><div class=\"bde-column-121-164 bde-column\">\n  \n  \n\t\n\n\n\n<div class=\"oxd-image-pro-121-203 oxd-image-pro\">\n  \n      \n  \n    \n    \n  \n  \n  \n      \n      <img loading=\"lazy\" decoding=\"async\"\n      class=\"breakdance-image-object\"\n      src=\"https:\/\/www.princeps.no\/wp-content\/uploads\/2024\/05\/commitment-scaled.jpg\"\n      width=\"1706\"\n      height=\"2560\"\n      \n      \n      \n      \n              srcset=\"https:\/\/www.princeps.no\/wp-content\/uploads\/2024\/05\/commitment-scaled.jpg 1706w, https:\/\/www.princeps.no\/wp-content\/uploads\/2024\/05\/commitment-200x300.jpg 200w, https:\/\/www.princeps.no\/wp-content\/uploads\/2024\/05\/commitment-683x1024.jpg 683w, https:\/\/www.princeps.no\/wp-content\/uploads\/2024\/05\/commitment-768x1152.jpg 768w, https:\/\/www.princeps.no\/wp-content\/uploads\/2024\/05\/commitment-1024x1536.jpg 1024w, https:\/\/www.princeps.no\/wp-content\/uploads\/2024\/05\/commitment-1365x2048.jpg 1365w\"\n              sizes=\"auto, (max-width: 1706px) 100vw, 1706px\"\n          >\n  \n\n<\/div>\n<\/div><div class=\"bde-column-121-166 bde-column\">\n  \n  \n\t\n\n\n\n<div class=\"bde-div-121-171 bde-div\">\n  \n  \n\t\n\n\n\n<h2 class=\"bde-heading-121-172 bde-heading\">\nV\u00e5r forpliktelse\n<\/h2><div class=\"bde-text-121-173 bde-text\">\nHos Princeps er vi opptatt av \u00e5 levere det ypperste. V\u00e5r samarbeidstiln\u00e6rming sikrer at hver kampanje er et ekte partnerskap mellom merkevaren og influenceren, preget av tydelig kommunikasjon, gjensidig respekt og felles suksess. Vi er stolte av v\u00e5r \u00e5penhet, p\u00e5litelighet og resultatorienterte tankegang.\n<\/div>\n<\/div>\n<\/div><\/div><\/div>\n<\/section><div class=\"bde-globalblock-121-202 bde-globalblock\"><section class=\"bde-section-215-101-215-1 bde-section bde-section-215-101\">\n  \n  \n\t\n\n\n\n<div class=\"section-container\"><div class=\"bde-div-215-102-215-1 bde-div bde-div-215-102\">\n  \n  \n\t\n\n\n\n<h2 class=\"bde-heading-215-103-215-1 bde-heading bde-heading-215-103\">\nKontakt oss\n<\/h2><div class=\"bde-text-215-104-215-1 bde-text bde-text-215-104 translation-block\">Har du sp\u00f8rsm\u00e5l eller er du klar til \u00e5 komme i gang?Ta kontakt med oss i dag!<\/div><div class=\"bde-button-215-105-215-1 bde-button bde-button-215-105\">\n        \n    \n    \n    \n    \n            \n                    \n            \n            \n\n    \n    \n    \n    \n    \n    <a class=\"breakdance-link button-atom button-atom--primary bde-button__button\" href=\"\/nb\/contact-us\/\" target=\"_self\" data-type=\"url\"  >\n\n    \n        <span class=\"button-atom__text\">Kontakt oss<\/span>\n\n        \n        \n                <\/a>\n\n    \n\n\n<\/div>\n<\/div><\/div>\n<\/section><\/div>","protected":false},"excerpt":{"rendered":"<p>We help our clients entertain, inform, and inspire the world. About Us Who we are Based in Norway, Princeps stands as a premier influencer management agency dedicated to fostering successful partnerships between influencers and businesses worldwide. The name&#8221;Princeps,&#8221; meaning &#8220;the first,&#8221; embodies our commitment to ensuring that YOU lead the way in your industry through [&hellip;]<\/p>\n","protected":false},"author":1,"featured_media":0,"parent":0,"menu_order":2,"comment_status":"closed","ping_status":"closed","template":"","meta":{"_acf_changed":false,"_breakdance_hide_in_design_set":false,"_breakdance_tags":"","footnotes":""},"class_list":["post-121","page","type-page","status-publish","hentry"],"acf":[],"_links":{"self":[{"href":"https:\/\/www.princeps.no\/nb\/wp-json\/wp\/v2\/pages\/121","targetHints":{"allow":["GET"]}}],"collection":[{"href":"https:\/\/www.princeps.no\/nb\/wp-json\/wp\/v2\/pages"}],"about":[{"href":"https:\/\/www.princeps.no\/nb\/wp-json\/wp\/v2\/types\/page"}],"author":[{"embeddable":true,"href":"https:\/\/www.princeps.no\/nb\/wp-json\/wp\/v2\/users\/1"}],"replies":[{"embeddable":true,"href":"https:\/\/www.princeps.no\/nb\/wp-json\/wp\/v2\/comments?post=121"}],"version-history":[{"count":2,"href":"https:\/\/www.princeps.no\/nb\/wp-json\/wp\/v2\/pages\/121\/revisions"}],"predecessor-version":[{"id":1300,"href":"https:\/\/www.princeps.no\/nb\/wp-json\/wp\/v2\/pages\/121\/revisions\/1300"}],"wp:attachment":[{"href":"https:\/\/www.princeps.no\/nb\/wp-json\/wp\/v2\/media?parent=121"}],"curies":[{"name":"wp","href":"https:\/\/api.w.org\/{rel}","templated":true}]}}